{"id":20167,"date":"2025-01-17T15:24:02","date_gmt":"2025-01-17T15:24:02","guid":{"rendered":"https:\/\/persianaszuher.com\/?page_id=20167"},"modified":"2025-02-06T17:22:57","modified_gmt":"2025-02-06T17:22:57","slug":"proyectos-especiales","status":"publish","type":"page","link":"https:\/\/persianaszuher.com\/es\/proyectos-especiales\/","title":{"rendered":"Proyectos Especiales"},"content":{"rendered":"<div  data-delay=\"0\" class=\"vc_row wpb_row vc_row-fluid\"><div class=\"wpb_column vc_column_container vc_col-sm-12\" data-delay=\"0\"><div class=\"vc_column-inner\"><div class=\"wpb_wrapper\">\r\n\t<div class=\"wpb_text_column wpb_content_element\" >\r\n\t\t<div class=\"wpb_wrapper\">\r\n\t\t\t<p>\u00a0<\/p>\n\r\n\t\t<\/div>\r\n\t<\/div>\r\n<\/div><\/div><\/div><\/div><div  data-delay=\"0\" class=\"vc_row wpb_row vc_row-fluid\"><div class=\"wpb_column vc_column_container vc_col-sm-12\" data-delay=\"0\"><div class=\"vc_column-inner\" style=\" text-align:center; \"><div class=\"wpb_wrapper\"><div class='dt-sc-title with-dual-color  aligncenter' data-delay='0'><h2 class='dt-sc-main-heading'>Proyectos Destacados con Persianas Zuher.<\/h2><\/div>\r\n\t<div class=\"wpb_text_column wpb_content_element\" >\r\n\t\t<div class=\"wpb_wrapper\">\r\n\t\t\t<p>A continuaci\u00f3n, te mostramos los proyectos especiales donde se han colocado Persianas Zuher.<\/p>\n\r\n\t\t<\/div>\r\n\t<\/div>\r\n<div id=\"1551523328175-1efc6c75-5349\" class=\"dt-sc-empty-space\"><\/div><div class=\"vc_row wpb_row vc_inner vc_row-fluid dt-sc-process-with-caption\"><div class=\"wpb_column vc_column_container vc_col-sm-12\"  style=\" text-align:justify; \"><div class=\"vc_column-inner\"><div class=\"wpb_wrapper\"><div class='dt-sc-image-caption type7' data-delay='0'><div class='dt-sc-image-wrapper'><img loading=\"lazy\" decoding=\"async\" width=\"960\" height=\"720\" src=\"https:\/\/persianaszuher.com\/wp-content\/uploads\/2025\/02\/Hotel.png\" class=\"attachment-full\" alt=\"Persianas Zuher para hoteles\" srcset=\"https:\/\/persianaszuher.com\/wp-content\/uploads\/2025\/02\/Hotel.png 960w, https:\/\/persianaszuher.com\/wp-content\/uploads\/2025\/02\/Hotel-300x225.png 300w, https:\/\/persianaszuher.com\/wp-content\/uploads\/2025\/02\/Hotel-768x576.png 768w, https:\/\/persianaszuher.com\/wp-content\/uploads\/2025\/02\/Hotel-750x563.png 750w, https:\/\/persianaszuher.com\/wp-content\/uploads\/2025\/02\/Hotel-540x405.png 540w\" sizes=\"auto, (max-width: 960px) 100vw, 960px\" \/><\/div><div class='dt-sc-image-content'><div class='dt-sc-image-title'><h3><a href=\"https:\/\/persianaszuher.com\/es\/persianas_y_cortinas_para_hoteles\/\" target=\"_self\">Persianas y Cortinas para Hoteles.<\/a><\/h3><\/div><p>Las persianas para hoteles combinan elegancia y funcionalidad, creando ambientes acogedores y sofisticados. Disponibles en una amplia variedad de estilos y materiales, permiten controlar la luz natural, garantizando privacidad y confort para los hu\u00e9spedes.<\/p><\/div><\/div><div class='dt-sc-image-caption type7  left-content' data-delay='0'><div class='dt-sc-image-wrapper'><img loading=\"lazy\" decoding=\"async\" width=\"960\" height=\"720\" src=\"https:\/\/persianaszuher.com\/wp-content\/uploads\/2025\/02\/Oficina.png\" class=\"attachment-full\" alt=\"\" srcset=\"https:\/\/persianaszuher.com\/wp-content\/uploads\/2025\/02\/Oficina.png 960w, https:\/\/persianaszuher.com\/wp-content\/uploads\/2025\/02\/Oficina-300x225.png 300w, https:\/\/persianaszuher.com\/wp-content\/uploads\/2025\/02\/Oficina-768x576.png 768w, https:\/\/persianaszuher.com\/wp-content\/uploads\/2025\/02\/Oficina-750x563.png 750w, https:\/\/persianaszuher.com\/wp-content\/uploads\/2025\/02\/Oficina-540x405.png 540w\" sizes=\"auto, (max-width: 960px) 100vw, 960px\" \/><\/div><div class='dt-sc-image-content'><div class='dt-sc-image-title'><h3><a href=\"https:\/\/persianaszuher.com\/es\/persianas_y_cortinas_para_empresas\/\" target=\"_self\">Persianas y Cortinas para Oficinas.<\/a><\/h3><\/div><p>Transformamos espacios de trabajo con persianas funcionales que regulan la entrada de luz y aportan un dise\u00f1o sofisticado. En este proyecto, implementamos persianas enrollables y verticales en salas de reuniones y estaciones de trabajo, optimizando la iluminaci\u00f3n y el rendimiento laboral.<\/p><\/div><\/div><div class='dt-sc-image-caption type7' data-delay='0'><div class='dt-sc-image-wrapper'><img loading=\"lazy\" decoding=\"async\" width=\"960\" height=\"720\" src=\"https:\/\/persianaszuher.com\/wp-content\/uploads\/2025\/01\/Persiana_enrollable.jpg\" class=\"attachment-full\" alt=\"Persianas blackout que bloquean completamente la luz solar\" srcset=\"https:\/\/persianaszuher.com\/wp-content\/uploads\/2025\/01\/Persiana_enrollable.jpg 960w, https:\/\/persianaszuher.com\/wp-content\/uploads\/2025\/01\/Persiana_enrollable-300x225.jpg 300w, https:\/\/persianaszuher.com\/wp-content\/uploads\/2025\/01\/Persiana_enrollable-768x576.jpg 768w, https:\/\/persianaszuher.com\/wp-content\/uploads\/2025\/01\/Persiana_enrollable-750x563.jpg 750w, https:\/\/persianaszuher.com\/wp-content\/uploads\/2025\/01\/Persiana_enrollable-540x405.jpg 540w\" sizes=\"auto, (max-width: 960px) 100vw, 960px\" \/><\/div><div class='dt-sc-image-content'><div class='dt-sc-image-title'><h3>Persianas y Cortinas para Negocios y Cafeter\u00edas<\/h3><\/div><p>La imagen de un negocio es clave, y en esta instalaci\u00f3n incorporamos persianas transl\u00facidas para resaltar la est\u00e9tica del local sin perder privacidad. Dise\u00f1os modernos y materiales de alta calidad lograron un equilibrio perfecto entre funcionalidad y elegancia.<\/p><\/div><\/div><\/div><\/div><\/div><\/div><div id=\"1513675673354-aa8233e1-d682\" class=\"dt-sc-empty-space\"><\/div><\/div><\/div><\/div><\/div>","protected":false},"excerpt":{"rendered":"\u00a0 Proyectos Destacados con Persianas Zuher. A continuaci\u00f3n, te mostramos los proyectos especiales donde se han colocado Persianas Zuher. Persianas y Cortinas para Hoteles.Las persianas para hoteles combinan elegancia y funcionalidad, creando ambientes acogedores y sofisticados. Disponibles en una amplia variedad de estilos y materiales, permiten controlar la luz natural, garantizando privacidad y confort para [...]","protected":false},"author":1,"featured_media":0,"parent":0,"menu_order":0,"comment_status":"open","ping_status":"closed","template":"","meta":{"footnotes":""},"class_list":["post-20167","page","type-page","status-publish","hentry"],"yoast_head":"<!-- This site is optimized with the Yoast SEO plugin v24.7 - https:\/\/yoast.com\/wordpress\/plugins\/seo\/ -->\n<title>Proyectos Especiales - Persianas Zuher<\/title>\n<meta name=\"description\" content=\"A continuaci\u00f3n, te mostramos los proyectos especiales donde se han colocado Persianas Zuher para cada espacio.\" \/>\n<meta name=\"robots\" content=\"index, follow, max-snippet:-1, max-image-preview:large, max-video-preview:-1\" \/>\n<link rel=\"canonical\" href=\"https:\/\/persianaszuher.com\/es\/proyectos-especiales\/\" \/>\n<meta property=\"og:locale\" content=\"es_MX\" \/>\n<meta property=\"og:type\" content=\"article\" \/>\n<meta property=\"og:title\" content=\"Proyectos Especiales - Persianas Zuher\" \/>\n<meta property=\"og:description\" content=\"A continuaci\u00f3n, te mostramos los proyectos especiales donde se han colocado Persianas Zuher para cada espacio.\" \/>\n<meta property=\"og:url\" content=\"https:\/\/persianaszuher.com\/es\/proyectos-especiales\/\" \/>\n<meta property=\"og:site_name\" content=\"Persianas Zuher\" \/>\n<meta property=\"article:modified_time\" content=\"2025-02-06T17:22:57+00:00\" \/>\n<meta name=\"twitter:card\" content=\"summary_large_image\" \/>\n<meta name=\"twitter:label1\" content=\"Tiempo de lectura\" \/>\n\t<meta name=\"twitter:data1\" content=\"1 minuto\" \/>\n<script type=\"application\/ld+json\" class=\"yoast-schema-graph\">{\"@context\":\"https:\/\/schema.org\",\"@graph\":[{\"@type\":\"WebPage\",\"@id\":\"https:\/\/persianaszuher.com\/proyectos-especiales\/\",\"url\":\"https:\/\/persianaszuher.com\/proyectos-especiales\/\",\"name\":\"Proyectos Especiales - Persianas Zuher\",\"isPartOf\":{\"@id\":\"https:\/\/persianaszuher.com\/#website\"},\"datePublished\":\"2025-01-17T15:24:02+00:00\",\"dateModified\":\"2025-02-06T17:22:57+00:00\",\"description\":\"A continuaci\u00f3n, te mostramos los proyectos especiales donde se han colocado Persianas Zuher para cada espacio.\",\"breadcrumb\":{\"@id\":\"https:\/\/persianaszuher.com\/proyectos-especiales\/#breadcrumb\"},\"inLanguage\":\"es\",\"potentialAction\":[{\"@type\":\"ReadAction\",\"target\":[\"https:\/\/persianaszuher.com\/proyectos-especiales\/\"]}]},{\"@type\":\"BreadcrumbList\",\"@id\":\"https:\/\/persianaszuher.com\/proyectos-especiales\/#breadcrumb\",\"itemListElement\":[{\"@type\":\"ListItem\",\"position\":1,\"name\":\"Portada\",\"item\":\"https:\/\/persianaszuher.com\/\"},{\"@type\":\"ListItem\",\"position\":2,\"name\":\"Proyectos Especiales\"}]},{\"@type\":\"WebSite\",\"@id\":\"https:\/\/persianaszuher.com\/#website\",\"url\":\"https:\/\/persianaszuher.com\/\",\"name\":\"Persianas Zuher\",\"description\":\"Persianas y cortinas\",\"potentialAction\":[{\"@type\":\"SearchAction\",\"target\":{\"@type\":\"EntryPoint\",\"urlTemplate\":\"https:\/\/persianaszuher.com\/?s={search_term_string}\"},\"query-input\":{\"@type\":\"PropertyValueSpecification\",\"valueRequired\":true,\"valueName\":\"search_term_string\"}}],\"inLanguage\":\"es\"}]}<\/script>\n<!-- \/ Yoast SEO plugin. -->","yoast_head_json":{"title":"Proyectos Especiales - Persianas Zuher","description":"A continuaci\u00f3n, te mostramos los proyectos especiales donde se han colocado Persianas Zuher para cada espacio.","robots":{"index":"index","follow":"follow","max-snippet":"max-snippet:-1","max-image-preview":"max-image-preview:large","max-video-preview":"max-video-preview:-1"},"canonical":"https:\/\/persianaszuher.com\/es\/proyectos-especiales\/","og_locale":"es_MX","og_type":"article","og_title":"Proyectos Especiales - Persianas Zuher","og_description":"A continuaci\u00f3n, te mostramos los proyectos especiales donde se han colocado Persianas Zuher para cada espacio.","og_url":"https:\/\/persianaszuher.com\/es\/proyectos-especiales\/","og_site_name":"Persianas Zuher","article_modified_time":"2025-02-06T17:22:57+00:00","twitter_card":"summary_large_image","twitter_misc":{"Tiempo de lectura":"1 minuto"},"schema":{"@context":"https:\/\/schema.org","@graph":[{"@type":"WebPage","@id":"https:\/\/persianaszuher.com\/proyectos-especiales\/","url":"https:\/\/persianaszuher.com\/proyectos-especiales\/","name":"Proyectos Especiales - Persianas Zuher","isPartOf":{"@id":"https:\/\/persianaszuher.com\/#website"},"datePublished":"2025-01-17T15:24:02+00:00","dateModified":"2025-02-06T17:22:57+00:00","description":"A continuaci\u00f3n, te mostramos los proyectos especiales donde se han colocado Persianas Zuher para cada espacio.","breadcrumb":{"@id":"https:\/\/persianaszuher.com\/proyectos-especiales\/#breadcrumb"},"inLanguage":"es","potentialAction":[{"@type":"ReadAction","target":["https:\/\/persianaszuher.com\/proyectos-especiales\/"]}]},{"@type":"BreadcrumbList","@id":"https:\/\/persianaszuher.com\/proyectos-especiales\/#breadcrumb","itemListElement":[{"@type":"ListItem","position":1,"name":"Portada","item":"https:\/\/persianaszuher.com\/"},{"@type":"ListItem","position":2,"name":"Proyectos Especiales"}]},{"@type":"WebSite","@id":"https:\/\/persianaszuher.com\/#website","url":"https:\/\/persianaszuher.com\/","name":"Persianas Zuher","description":"Persianas y cortinas","potentialAction":[{"@type":"SearchAction","target":{"@type":"EntryPoint","urlTemplate":"https:\/\/persianaszuher.com\/?s={search_term_string}"},"query-input":{"@type":"PropertyValueSpecification","valueRequired":true,"valueName":"search_term_string"}}],"inLanguage":"es"}]}},"_links":{"self":[{"href":"https:\/\/persianaszuher.com\/es\/wp-json\/wp\/v2\/pages\/20167","targetHints":{"allow":["GET"]}}],"collection":[{"href":"https:\/\/persianaszuher.com\/es\/wp-json\/wp\/v2\/pages"}],"about":[{"href":"https:\/\/persianaszuher.com\/es\/wp-json\/wp\/v2\/types\/page"}],"author":[{"embeddable":true,"href":"https:\/\/persianaszuher.com\/es\/wp-json\/wp\/v2\/users\/1"}],"replies":[{"embeddable":true,"href":"https:\/\/persianaszuher.com\/es\/wp-json\/wp\/v2\/comments?post=20167"}],"version-history":[{"count":14,"href":"https:\/\/persianaszuher.com\/es\/wp-json\/wp\/v2\/pages\/20167\/revisions"}],"predecessor-version":[{"id":21558,"href":"https:\/\/persianaszuher.com\/es\/wp-json\/wp\/v2\/pages\/20167\/revisions\/21558"}],"wp:attachment":[{"href":"https:\/\/persianaszuher.com\/es\/wp-json\/wp\/v2\/media?parent=20167"}],"curies":[{"name":"wp","href":"https:\/\/api.w.org\/{rel}","templated":true}]}}